{"id":116,"date":"2025-10-15T11:22:23","date_gmt":"2025-10-15T11:22:23","guid":{"rendered":"https:\/\/pesuekspert.ee\/?page_id=116"},"modified":"2025-10-15T11:22:23","modified_gmt":"2025-10-15T11:22:23","slug":"opiranne-saksamaale-puhastusekspert","status":"publish","type":"page","link":"https:\/\/pesuekspert.ee\/?page_id=116","title":{"rendered":"\u00d5pir\u00e4nne Saksamaale &#8211; Puhastusekspert"},"content":{"rendered":"\n<p><strong>25.\u201328. augustil 2025<\/strong>&nbsp;osalesid Eesti puhastusteeninduse ja tervishoiuvaldkonna spetsialistid t\u00f6\u00f6varjutamisel Saksamaal, Odelzhausenis asuvas&nbsp;<strong><a href=\"https:\/\/www.kiehl-group.com\/en\/\" target=\"_blank\" rel=\"noreferrer noopener\">Johannes Kiehl KG koolituskeskuses<\/a><\/strong>. \u00d5pir\u00e4nne toimus&nbsp;<strong>Erasmus+ programmi<\/strong>&nbsp;raames ning pakkus osalejatele v\u00e4\u00e4rtuslikku teoreetilist ja praktilist \u00f5pet puhastuse, h\u00fcgieeni ja keskkonnas\u00e4\u00e4stlikkuse teemadel.<br>Kuna \u00f5pir\u00e4ndes osalesid koolitamisega seotud juhid, \u00f5petajad ja koolitajad, m\u00f5jutab saadud kogemus otseselt kutsehariduse ja t\u00e4iend\u00f5ppe kvaliteeti Eestis.<\/p>\n\n\n\n<p>\u00d5pir\u00e4ndest v\u00f5tsid osa j\u00e4rgmised organisatsioonid:&nbsp;Tartu Rakenduslik Kolled\u017e, SA Ida-Viru Keskhaigla, Sol Baltics O\u00dc, SA P\u00f5hja-Eesti Regionaalhaigla, Arkaadia Puhastuse O\u00dc, Valga Haigla SA, Elva Haigla SA, Pesuekspert O\u00dc, Ida-Tallinna Keskhaigla AS, Narva Haigla SA, Tartu Tervishoiu K\u00f5rgkool ja Puhastusimport O\u00dc.<br>\u00d5pir\u00e4nne toimus Erasmus+ programmi raames lepingu numbriga&nbsp;2024-1-EE01-KA121-VET-000236654.<\/p>\n\n\n\n<figure class=\"wp-block-image size-large\"><img loading=\"lazy\" decoding=\"async\" width=\"1024\" height=\"683\" src=\"https:\/\/pesuekspert.ee\/wp-content\/uploads\/2025\/10\/Saksamaale-1-1024x683.jpeg\" alt=\"\" class=\"wp-image-117\" srcset=\"https:\/\/pesuekspert.ee\/wp-content\/uploads\/2025\/10\/Saksamaale-1-1024x683.jpeg 1024w, https:\/\/pesuekspert.ee\/wp-content\/uploads\/2025\/10\/Saksamaale-1-300x200.jpeg 300w, https:\/\/pesuekspert.ee\/wp-content\/uploads\/2025\/10\/Saksamaale-1-150x100.jpeg 150w, https:\/\/pesuekspert.ee\/wp-content\/uploads\/2025\/10\/Saksamaale-1-768x512.jpeg 768w, https:\/\/pesuekspert.ee\/wp-content\/uploads\/2025\/10\/Saksamaale-1-1536x1024.jpeg 1536w, https:\/\/pesuekspert.ee\/wp-content\/uploads\/2025\/10\/Saksamaale-1-2048x1365.jpeg 2048w\" sizes=\"auto, (max-width: 1024px) 100vw, 1024px\" \/><\/figure>\n\n\n\n<h3 class=\"wp-block-heading\">T\u00f6\u00f6varjutamise k\u00e4igus k\u00e4sitleti mitmek\u00fclgseid teemasid, mis puudutavad puhastusvaldkonna t\u00e4nap\u00e4evaseid v\u00e4ljakutseid:<\/h3>\n\n\n\n<p><strong>P\u00f5randate puhastus ja viimistlus<\/strong>&nbsp;erinevatel pindadel, n\u00e4iteks kivi, puit v\u00f5i vaipkatte puhul.<\/p>\n\n\n\n<p><strong>haiglates ja sotsiaalasutustes desinfitseerimine<\/strong>&nbsp;(DIN 13063 standard, KRINKO soovitused, infektsiooniennetuse komisjoni juhised),<\/p>\n\n\n\n<p><strong>keskkonnas\u00e4\u00e4stlikud koristusained ja \u00f6kom\u00e4rgised<\/strong>&nbsp;ning nende t\u00e4htsus kvaliteedis,<\/p>\n\n\n\n<p><strong>k\u00f6\u00f6gih\u00fcgieen ja n\u00f5udepesumasinate hooldus<\/strong>, sealhulgas puhastusvahendite pH v\u00e4\u00e4rtused ja materjalide erip\u00e4ra,<\/p>\n\n\n\n<p><strong>t\u00f6\u00f6ohutus ja puhastusainete ohutu k\u00e4sitsemine<\/strong>, r\u00f5huga koolitajate eeskujul ja vastutusel.<\/p>\n\n\n\n<p><\/p>\n\n\n\n<h3 class=\"wp-block-heading\">K\u00f6\u00f6gih\u00fcgieen ja materjalide erip\u00e4ra<\/h3>\n\n\n\n<p>K\u00f6\u00f6gih\u00fcgieeni osas k\u00e4sitleti p\u00f5hjalikult toiduvaldkonna puhastus- ja desinfitseerimisn\u00f5udeid, kuna k\u00f6\u00f6gid ja toitlustusalad on k\u00f5rge riskiga keskkonnad, kus vale puhastusprotsess v\u00f5ib viia ristsaastumise ja toiduga levivate haigusteni. Osalejad said teadmisi puhastusvahendite pH v\u00e4\u00e4rtuste ja keemilise koostise olulisusest, selgitades, kuidas happelised, aluselised ja neutraalsed puhastusained m\u00f5jutavad erinevaid pindasid ning millal tuleks eelistada \u00fcht v\u00f5i teist t\u00fc\u00fcpi lahendust.<br>Oluliseks teemaks oli pinnakattematerjalide sobivus koristusainetega \u2013 arutleti, kuidas v\u00e4ltida pindade kahjustamist ja tagada samal ajal k\u00f5rge h\u00fcgieenitase. N\u00e4iteks toodi v\u00e4lja, et roostevaba teras, vask, portselan ja mikropoorne keraamika n\u00f5uavad erinevaid hooldustehnikaid ja tooteid, et s\u00e4ilitada nende omadused ja vastupidavus. Eraldi t\u00e4helepanu p\u00f6\u00f6rati kulumiskindlate tarvikute ja kvaliteetsete puhastustekstiilide valikule, mis on oluline t\u00f6\u00f6 efektiivsuse, h\u00fcgieenilise tulemuse ja t\u00f6\u00f6tajate ohutuse seisukohalt.<br>Samuti k\u00e4sitleti n\u00f5udepesumasinate hooldust, mis on toiduohutuse ja h\u00fcgieenin\u00f5uete seisukohalt kriitiline. \u00d5piti, kuidas ennetada katlakivi teket, tagada masina sisemiste pindade puhtus ning kasutada \u00f5igeid hooldusvahendeid, mis pikendavad seadmete eluiga ja hoiavad pesuprotsessi kvaliteetsena.<br>Tutvustati Kiehli tootevalikut, mis sisaldab mitmeid keskkonnas\u00f5bralikke ja \u00f6kom\u00e4rgisega puhastusaaineid. Need sobivad eri pindadele ja erineva mustuse eemaldamiseks, j\u00e4rgides samal ajal s\u00e4\u00e4stva tarbimise p\u00f5him\u00f5tteid.<br>Praktilises osas said osalejad proovida erinevaid tehnikaid ja hinnata, kuidas \u00f5iged puhastusmeetodid ja -ained m\u00f5jutavad t\u00f6\u00f6 tulemust.<\/p>\n\n\n\n<figure class=\"wp-block-image size-large\"><img loading=\"lazy\" decoding=\"async\" width=\"1024\" height=\"768\" src=\"https:\/\/pesuekspert.ee\/wp-content\/uploads\/2025\/10\/Saksamaale-2-1024x768.jpeg\" alt=\"\" class=\"wp-image-118\" srcset=\"https:\/\/pesuekspert.ee\/wp-content\/uploads\/2025\/10\/Saksamaale-2-1024x768.jpeg 1024w, https:\/\/pesuekspert.ee\/wp-content\/uploads\/2025\/10\/Saksamaale-2-300x225.jpeg 300w, https:\/\/pesuekspert.ee\/wp-content\/uploads\/2025\/10\/Saksamaale-2-150x113.jpeg 150w, https:\/\/pesuekspert.ee\/wp-content\/uploads\/2025\/10\/Saksamaale-2-768x576.jpeg 768w, https:\/\/pesuekspert.ee\/wp-content\/uploads\/2025\/10\/Saksamaale-2-1536x1152.jpeg 1536w, https:\/\/pesuekspert.ee\/wp-content\/uploads\/2025\/10\/Saksamaale-2.jpeg 2048w\" sizes=\"auto, (max-width: 1024px) 100vw, 1024px\" \/><\/figure>\n\n\n\n<h3 class=\"wp-block-heading\">H\u00fcgieen ja nakkuste ennetamine<\/h3>\n\n\n\n<p>T\u00e4helepanu p\u00f6\u00f6rati h\u00fcgieeni ja nakkuste leviku t\u00f5kestamisele, kuna need on tervishoiuasutustes ja hooldekodudes \u00e4\u00e4rmiselt olulised valdkonnad. K\u00e4sitleti mikroorganismide olemust, nende arengut ja k\u00e4itumist erinevates tingimustes. Osalejad said p\u00f5hjaliku \u00fclevaate nakkuste leviku mehhanismidest ja t\u00f5kestamise meetmetest, sealhulgas \u00f5igeaegse puhastamise ja desinfitseerimise t\u00e4htsusest. Eraldi k\u00e4sitleti haiglasiseste nakkuste ennetamist, mis on tervishoiuvaldkonnas \u00fcks suurimaid v\u00e4ljakutseid. Arutati peamisi riskitegureid ja toodi n\u00e4iteid olukordadest, kus v\u00e4ikesed eksimused puhastusprotsessides v\u00f5ivad kaasa tuua t\u00f5siseid tagaj\u00e4rgi.<br>\u00d5petati tundma desinfitseerimisprotsesside erinevaid etappe ning r\u00f5hutati pindade korrap\u00e4rase ja s\u00fcstemaatilise puhastamise olulisust, et katkestada nakkusahel ja v\u00e4hendada patogeenide levikut.<br>Lisaks anti p\u00f5hjalik \u00fclevaade erinevatest patogeenidest sh viirustest, bakteritest, seentest ja nende resistentsusest puhastus- ja desinfitseerimisvahendite suhtes.<br>Praktilistes harjutustes said osalejad proovida erinevaid desinfitseerimis- ja puhastusmeetodeid ning v\u00f5rrelda nende t\u00f5husust. Harjutused t\u00f5id esile, kui suur roll on korrektsel t\u00f6\u00f6j\u00e4rjekorral, puhastusvahendite \u00f5ige kontsentratsiooni j\u00e4rgimisel ja t\u00f6\u00f6ohutuse p\u00f5him\u00f5tetel. See aitas m\u00f5ista, kuidas v\u00e4ltida nakkuste levikut ning tagada turvaline keskkond nii patsientidele kui ka t\u00f6\u00f6tajatele.<\/p>\n\n\n\n<figure class=\"wp-block-image size-large\"><img loading=\"lazy\" decoding=\"async\" width=\"1024\" height=\"768\" src=\"https:\/\/pesuekspert.ee\/wp-content\/uploads\/2025\/10\/Saksamaale-3-1024x768.jpeg\" alt=\"\" class=\"wp-image-119\" srcset=\"https:\/\/pesuekspert.ee\/wp-content\/uploads\/2025\/10\/Saksamaale-3-1024x768.jpeg 1024w, https:\/\/pesuekspert.ee\/wp-content\/uploads\/2025\/10\/Saksamaale-3-300x225.jpeg 300w, https:\/\/pesuekspert.ee\/wp-content\/uploads\/2025\/10\/Saksamaale-3-150x113.jpeg 150w, https:\/\/pesuekspert.ee\/wp-content\/uploads\/2025\/10\/Saksamaale-3-768x576.jpeg 768w, https:\/\/pesuekspert.ee\/wp-content\/uploads\/2025\/10\/Saksamaale-3-1536x1152.jpeg 1536w, https:\/\/pesuekspert.ee\/wp-content\/uploads\/2025\/10\/Saksamaale-3-2048x1536.jpeg 2048w\" sizes=\"auto, (max-width: 1024px) 100vw, 1024px\" \/><\/figure>\n\n\n\n<h3 class=\"wp-block-heading\">Puhastustehnoloogiad ja t\u00f6\u00f6ohutus<\/h3>\n\n\n\n<p>\u00d5pir\u00e4ndel tutvustati Sinneri ringi (aeg, temperatuur, mehaanika ja keemia) rakendamist erinevates puhastust\u00f6\u00f6des. R\u00f5hutati puhastusainete \u00f5iget doseerimist ja selle m\u00f5ju keskkonnale ning tervisele. Praktilistes t\u00f6\u00f6tubades katsetati erinevaid puhastusmeetodeid: m\u00e4rgpuhastus, masinpuhastus, vaipade ja kivipindade hooldus.&nbsp;Osalejad said v\u00f5imaluse kasutada spetsiaalseid seadmeid ja v\u00f5rrelda erinevate meetodite tulemusi.&nbsp;T\u00f6\u00f6ohutuse moodulis k\u00e4sitleti&nbsp;isikukaitsevahendite kasutamist, puhastustekstiilide v\u00e4rvikoodide s\u00fcsteemi ning t\u00f6\u00f6vahendite hooldust. Samuti r\u00f5hutati koolitajate ja juhtide vastutust, sest nende eeskuju kujundab ka \u00f5ppijate ja t\u00f6\u00f6tajate igap\u00e4evast k\u00e4itumist.<\/p>\n\n\n\n<figure class=\"wp-block-image size-large\"><img loading=\"lazy\" decoding=\"async\" width=\"1024\" height=\"768\" src=\"https:\/\/pesuekspert.ee\/wp-content\/uploads\/2025\/10\/Saksamaale-4-1024x768.jpeg\" alt=\"\" class=\"wp-image-120\" srcset=\"https:\/\/pesuekspert.ee\/wp-content\/uploads\/2025\/10\/Saksamaale-4-1024x768.jpeg 1024w, https:\/\/pesuekspert.ee\/wp-content\/uploads\/2025\/10\/Saksamaale-4-300x225.jpeg 300w, https:\/\/pesuekspert.ee\/wp-content\/uploads\/2025\/10\/Saksamaale-4-150x113.jpeg 150w, https:\/\/pesuekspert.ee\/wp-content\/uploads\/2025\/10\/Saksamaale-4-768x576.jpeg 768w, https:\/\/pesuekspert.ee\/wp-content\/uploads\/2025\/10\/Saksamaale-4-1536x1152.jpeg 1536w, https:\/\/pesuekspert.ee\/wp-content\/uploads\/2025\/10\/Saksamaale-4.jpeg 2048w\" sizes=\"auto, (max-width: 1024px) 100vw, 1024px\" \/><\/figure>\n\n\n\n<figure class=\"wp-block-image size-large\"><img loading=\"lazy\" decoding=\"async\" width=\"1024\" height=\"234\" src=\"https:\/\/pesuekspert.ee\/wp-content\/uploads\/2025\/10\/ET-Kaasrahastanud-Euroopa-Liit_PANTONE-scaled-2-1024x234.jpg\" alt=\"\" class=\"wp-image-121\" srcset=\"https:\/\/pesuekspert.ee\/wp-content\/uploads\/2025\/10\/ET-Kaasrahastanud-Euroopa-Liit_PANTONE-scaled-2-1024x234.jpg 1024w, https:\/\/pesuekspert.ee\/wp-content\/uploads\/2025\/10\/ET-Kaasrahastanud-Euroopa-Liit_PANTONE-scaled-2-300x69.jpg 300w, https:\/\/pesuekspert.ee\/wp-content\/uploads\/2025\/10\/ET-Kaasrahastanud-Euroopa-Liit_PANTONE-scaled-2-150x34.jpg 150w, https:\/\/pesuekspert.ee\/wp-content\/uploads\/2025\/10\/ET-Kaasrahastanud-Euroopa-Liit_PANTONE-scaled-2-768x176.jpg 768w, https:\/\/pesuekspert.ee\/wp-content\/uploads\/2025\/10\/ET-Kaasrahastanud-Euroopa-Liit_PANTONE-scaled-2-1536x351.jpg 1536w, https:\/\/pesuekspert.ee\/wp-content\/uploads\/2025\/10\/ET-Kaasrahastanud-Euroopa-Liit_PANTONE-scaled-2-2048x468.jpg 2048w\" sizes=\"auto, (max-width: 1024px) 100vw, 1024px\" \/><\/figure>\n","protected":false},"excerpt":{"rendered":"<p>25.\u201328. augustil 2025&nbsp;osalesid Eesti puhastusteeninduse ja tervishoiuvaldkonna spetsialistid t\u00f6\u00f6varjutamisel Saksamaal, Odelzhausenis asuvas&nbsp;Johannes Kiehl KG koolituskeskuses. \u00d5pir\u00e4nne toimus&nbsp;Erasmus+ programmi&nbsp;raames ning pakkus osalejatele v\u00e4\u00e4rtuslikku teoreetilist ja praktilist \u00f5pet puhastuse, h\u00fcgieeni ja keskkonnas\u00e4\u00e4stlikkuse teemadel.Kuna \u00f5pir\u00e4ndes osalesid koolitamisega seotud juhid, \u00f5petajad ja koolitajad, m\u00f5jutab saadud kogemus otseselt kutsehariduse ja t\u00e4iend\u00f5ppe kvaliteeti Eestis. \u00d5pir\u00e4ndest v\u00f5tsid osa j\u00e4rgmised organisatsioonid:&nbsp;Tartu Rakenduslik Kolled\u017e, [&hellip;]<\/p>\n","protected":false},"author":1,"featured_media":0,"parent":0,"menu_order":0,"comment_status":"closed","ping_status":"closed","template":"","meta":{"_exactmetrics_skip_tracking":false,"_exactmetrics_sitenote_active":false,"_exactmetrics_sitenote_note":"","_exactmetrics_sitenote_category":0,"footnotes":""},"class_list":["post-116","page","type-page","status-publish","hentry"],"_links":{"self":[{"href":"https:\/\/pesuekspert.ee\/index.php?rest_route=\/wp\/v2\/pages\/116","targetHints":{"allow":["GET"]}}],"collection":[{"href":"https:\/\/pesuekspert.ee\/index.php?rest_route=\/wp\/v2\/pages"}],"about":[{"href":"https:\/\/pesuekspert.ee\/index.php?rest_route=\/wp\/v2\/types\/page"}],"author":[{"embeddable":true,"href":"https:\/\/pesuekspert.ee\/index.php?rest_route=\/wp\/v2\/users\/1"}],"replies":[{"embeddable":true,"href":"https:\/\/pesuekspert.ee\/index.php?rest_route=%2Fwp%2Fv2%2Fcomments&post=116"}],"version-history":[{"count":1,"href":"https:\/\/pesuekspert.ee\/index.php?rest_route=\/wp\/v2\/pages\/116\/revisions"}],"predecessor-version":[{"id":122,"href":"https:\/\/pesuekspert.ee\/index.php?rest_route=\/wp\/v2\/pages\/116\/revisions\/122"}],"wp:attachment":[{"href":"https:\/\/pesuekspert.ee\/index.php?rest_route=%2Fwp%2Fv2%2Fmedia&parent=116"}],"curies":[{"name":"wp","href":"https:\/\/api.w.org\/{rel}","templated":true}]}}